{"id":33983,"date":"2024-07-05T16:44:29","date_gmt":"2024-07-05T13:44:29","guid":{"rendered":"https:\/\/statymugidas.com\/home-new\/"},"modified":"2026-04-22T14:23:22","modified_gmt":"2026-04-22T11:23:22","slug":"home-new","status":"publish","type":"page","link":"https:\/\/statymugidas.com\/lv\/","title":{"rendered":"Home"},"content":{"rendered":"","protected":false},"excerpt":{"rendered":"","protected":false},"author":1,"featured_media":33985,"parent":0,"menu_order":0,"comment_status":"closed","ping_status":"closed","template":"page-constructor.php","meta":{"_acf_changed":false,"inline_featured_image":false,"footnotes":""},"class_list":["post-33983","page","type-page","status-publish","has-post-thumbnail","hentry"],"acf":[],"yoast_head":"<!-- This site is optimized with the Yoast SEO plugin v24.2 - https:\/\/yoast.com\/wordpress\/plugins\/seo\/ -->\n<title>Lab\u0101kie tie\u0161saistes kazino 2026 \u2013 statymugidas.com<\/title>\n<meta name=\"description\" content=\"Sal\u012bdzini popul\u0101r\u0101kos tie\u0161saistes kazino \u2013 atsauksmes, bonusi, sp\u0113les un maks\u0101jumu iesp\u0113jas. Atrodi sev dro\u0161\u0101ko un izdev\u012bg\u0101ko kazino jau \u0161odien.\" \/>\n<meta name=\"robots\" content=\"index, follow, max-snippet:-1, max-image-preview:large, max-video-preview:-1\" \/>\n<link rel=\"canonical\" href=\"https:\/\/statymugidas.com\/lv\/\" \/>\n<meta property=\"og:locale\" content=\"lv_LV\" \/>\n<meta property=\"og:type\" content=\"article\" \/>\n<meta property=\"og:title\" content=\"Lab\u0101kie tie\u0161saistes kazino 2026 \u2013 statymugidas.com\" \/>\n<meta property=\"og:description\" content=\"Sal\u012bdzini popul\u0101r\u0101kos tie\u0161saistes kazino \u2013 atsauksmes, bonusi, sp\u0113les un maks\u0101jumu iesp\u0113jas. Atrodi sev dro\u0161\u0101ko un izdev\u012bg\u0101ko kazino jau \u0161odien.\" \/>\n<meta property=\"og:url\" content=\"https:\/\/statymugidas.com\/lv\/\" \/>\n<meta property=\"article:modified_time\" content=\"2026-04-22T11:23:22+00:00\" \/>\n<meta name=\"twitter:card\" content=\"summary_large_image\" \/>\n<meta name=\"twitter:label1\" content=\"Est. reading time\" \/>\n\t<meta name=\"twitter:data1\" content=\"1 minute\" \/>\n<!-- \/ Yoast SEO plugin. -->","yoast_head_json":{"title":"Lab\u0101kie tie\u0161saistes kazino 2026 \u2013 statymugidas.com","description":"Sal\u012bdzini popul\u0101r\u0101kos tie\u0161saistes kazino \u2013 atsauksmes, bonusi, sp\u0113les un maks\u0101jumu iesp\u0113jas. Atrodi sev dro\u0161\u0101ko un izdev\u012bg\u0101ko kazino jau \u0161odien.","robots":{"index":"index","follow":"follow","max-snippet":"max-snippet:-1","max-image-preview":"max-image-preview:large","max-video-preview":"max-video-preview:-1"},"canonical":"https:\/\/statymugidas.com\/lv\/","og_locale":"lv_LV","og_type":"article","og_title":"Lab\u0101kie tie\u0161saistes kazino 2026 \u2013 statymugidas.com","og_description":"Sal\u012bdzini popul\u0101r\u0101kos tie\u0161saistes kazino \u2013 atsauksmes, bonusi, sp\u0113les un maks\u0101jumu iesp\u0113jas. Atrodi sev dro\u0161\u0101ko un izdev\u012bg\u0101ko kazino jau \u0161odien.","og_url":"https:\/\/statymugidas.com\/lv\/","article_modified_time":"2026-04-22T11:23:22+00:00","twitter_card":"summary_large_image","twitter_misc":{"Est. reading time":"1 minute"},"schema":{"@context":"https:\/\/schema.org","@graph":[{"@type":"WebPage","@id":"https:\/\/statymugidas.com\/lv\/","url":"https:\/\/statymugidas.com\/lv\/","name":"Lab\u0101kie tie\u0161saistes kazino 2026 \u2013 statymugidas.com","isPartOf":{"@id":"https:\/\/statymugidas.com\/#website"},"primaryImageOfPage":{"@id":"https:\/\/statymugidas.com\/lv\/#primaryimage"},"image":{"@id":"https:\/\/statymugidas.com\/lv\/#primaryimage"},"thumbnailUrl":"https:\/\/statymugidas.com\/wp-content\/uploads\/2025\/02\/Statymugidas.com_-1-1.svg","datePublished":"2024-07-05T13:44:29+00:00","dateModified":"2026-04-22T11:23:22+00:00","description":"Sal\u012bdzini popul\u0101r\u0101kos tie\u0161saistes kazino \u2013 atsauksmes, bonusi, sp\u0113les un maks\u0101jumu iesp\u0113jas. Atrodi sev dro\u0161\u0101ko un izdev\u012bg\u0101ko kazino jau \u0161odien.","breadcrumb":{"@id":"https:\/\/statymugidas.com\/lv\/#breadcrumb"},"inLanguage":"lv-LV","potentialAction":[{"@type":"ReadAction","target":["https:\/\/statymugidas.com\/lv\/"]}]},{"@type":"ImageObject","inLanguage":"lv-LV","@id":"https:\/\/statymugidas.com\/lv\/#primaryimage","url":"https:\/\/statymugidas.com\/wp-content\/uploads\/2025\/02\/Statymugidas.com_-1-1.svg","contentUrl":"https:\/\/statymugidas.com\/wp-content\/uploads\/2025\/02\/Statymugidas.com_-1-1.svg","width":98,"height":36},{"@type":"BreadcrumbList","@id":"https:\/\/statymugidas.com\/lv\/#breadcrumb","itemListElement":[{"@type":"ListItem","position":1,"name":"Home","item":"https:\/\/statymugidas.com\/lv\/"},{"@type":"ListItem","position":2,"name":"Home"}]},{"@type":"WebSite","@id":"https:\/\/statymugidas.com\/#website","url":"https:\/\/statymugidas.com\/","name":"","description":"","publisher":{"@id":"https:\/\/statymugidas.com\/#organization"},"potentialAction":[{"@type":"SearchAction","target":{"@type":"EntryPoint","urlTemplate":"https:\/\/statymugidas.com\/?s={search_term_string}"},"query-input":{"@type":"PropertyValueSpecification","valueRequired":true,"valueName":"search_term_string"}}],"inLanguage":"lv-LV"},{"@type":"Organization","@id":"https:\/\/statymugidas.com\/#organization","name":"Gambleinsiders.com","url":"https:\/\/statymugidas.com\/","logo":{"@type":"ImageObject","inLanguage":"lv-LV","@id":"https:\/\/statymugidas.com\/#\/schema\/logo\/image\/","url":"https:\/\/staging.lt\/statymugidas\/wp-content\/uploads\/2024\/08\/gambleinsider_logo_black.svg","contentUrl":"https:\/\/staging.lt\/statymugidas\/wp-content\/uploads\/2024\/08\/gambleinsider_logo_black.svg","width":325,"height":114,"caption":"Gambleinsiders.com"},"image":{"@id":"https:\/\/statymugidas.com\/#\/schema\/logo\/image\/"}}]}},"_links":{"self":[{"href":"https:\/\/statymugidas.com\/lv\/wp-json\/wp\/v2\/pages\/33983","targetHints":{"allow":["GET"]}}],"collection":[{"href":"https:\/\/statymugidas.com\/lv\/wp-json\/wp\/v2\/pages"}],"about":[{"href":"https:\/\/statymugidas.com\/lv\/wp-json\/wp\/v2\/types\/page"}],"author":[{"embeddable":true,"href":"https:\/\/statymugidas.com\/lv\/wp-json\/wp\/v2\/users\/1"}],"replies":[{"embeddable":true,"href":"https:\/\/statymugidas.com\/lv\/wp-json\/wp\/v2\/comments?post=33983"}],"version-history":[{"count":4,"href":"https:\/\/statymugidas.com\/lv\/wp-json\/wp\/v2\/pages\/33983\/revisions"}],"predecessor-version":[{"id":34386,"href":"https:\/\/statymugidas.com\/lv\/wp-json\/wp\/v2\/pages\/33983\/revisions\/34386"}],"wp:featuredmedia":[{"embeddable":true,"href":"https:\/\/statymugidas.com\/lv\/wp-json\/wp\/v2\/media\/33985"}],"wp:attachment":[{"href":"https:\/\/statymugidas.com\/lv\/wp-json\/wp\/v2\/media?parent=33983"}],"curies":[{"name":"wp","href":"https:\/\/api.w.org\/{rel}","templated":true}]}}